{"id":47,"date":"2021-04-07T01:02:10","date_gmt":"2021-04-07T01:02:10","guid":{"rendered":"http:\/\/braingsas.com\/?page_id=47"},"modified":"2021-04-07T02:52:25","modified_gmt":"2021-04-07T02:52:25","slug":"quienes-somos","status":"publish","type":"page","link":"https:\/\/braingsas.com\/index.php\/quienes-somos\/","title":{"rendered":"Qui\u00e9nes Somos"},"content":{"rendered":"\t\t<div data-elementor-type=\"wp-page\" data-elementor-id=\"47\" class=\"elementor elementor-47\" data-elementor-settings=\"[]\">\n\t\t\t\t\t\t\t<div class=\"elementor-section-wrap\">\n\t\t\t\t\t\t\t<section class=\"elementor-section elementor-top-section elementor-element elementor-element-6baaa52 elementor-section-boxed elementor-section-height-default elementor-section-height-default\" data-id=\"6baaa52\" data-element_type=\"section\">\n\t\t\t\t\t\t<div class=\"elementor-container elementor-column-gap-default\">\n\t\t\t\t\t<div class=\"elementor-column elementor-col-100 elementor-top-column elementor-element elementor-element-55a1abc\" data-id=\"55a1abc\" data-element_type=\"column\">\n\t\t\t<div class=\"elementor-widget-wrap elementor-element-populated\">\n\t\t\t\t\t\t\t\t<div class=\"elementor-element elementor-element-a013b53 elementor-widget elementor-widget-image\" data-id=\"a013b53\" data-element_type=\"widget\" data-widget_type=\"image.default\">\n\t\t\t\t<div class=\"elementor-widget-container\">\n\t\t\t\t\t<div class=\"elementor-image\">\n\t\t\t\t\t\t\t\t\t\t<img width=\"336\" height=\"95\" src=\"https:\/\/braingsas.com\/wp-content\/uploads\/2021\/03\/LOGO-BRAING-2018.jpg\" class=\"attachment-large size-large\" alt=\"BraingSas\" loading=\"lazy\" srcset=\"https:\/\/braingsas.com\/wp-content\/uploads\/2021\/03\/LOGO-BRAING-2018.jpg 336w, https:\/\/braingsas.com\/wp-content\/uploads\/2021\/03\/LOGO-BRAING-2018-300x85.jpg 300w\" sizes=\"(max-width: 336px) 100vw, 336px\" \/>\t\t\t\t\t\t\t\t\t\t\t<\/div>\n\t\t\t\t<\/div>\n\t\t\t\t<\/div>\n\t\t\t\t\t<\/div>\n\t\t<\/div>\n\t\t\t\t\t\t\t<\/div>\n\t\t<\/section>\n\t\t\t\t<section class=\"elementor-section elementor-top-section elementor-element elementor-element-71cea5e8 elementor-section-boxed elementor-section-height-default elementor-section-height-default\" data-id=\"71cea5e8\" data-element_type=\"section\">\n\t\t\t\t\t\t<div class=\"elementor-container elementor-column-gap-default\">\n\t\t\t\t\t<div class=\"elementor-column elementor-col-100 elementor-top-column elementor-element elementor-element-439eacbe\" data-id=\"439eacbe\" data-element_type=\"column\">\n\t\t\t<div class=\"elementor-widget-wrap elementor-element-populated\">\n\t\t\t\t\t\t\t\t<div class=\"elementor-element elementor-element-6a3badd elementor-widget elementor-widget-image\" data-id=\"6a3badd\" data-element_type=\"widget\" data-widget_type=\"image.default\">\n\t\t\t\t<div class=\"elementor-widget-container\">\n\t\t\t\t\t<div class=\"elementor-image\">\n\t\t\t\t\t\t\t\t\t\t<img width=\"1024\" height=\"315\" src=\"https:\/\/braingsas.com\/wp-content\/uploads\/2021\/04\/equipo_temel1-1024x315.png\" class=\"attachment-large size-large\" alt=\"\" loading=\"lazy\" srcset=\"https:\/\/braingsas.com\/wp-content\/uploads\/2021\/04\/equipo_temel1-1024x315.png 1024w, https:\/\/braingsas.com\/wp-content\/uploads\/2021\/04\/equipo_temel1-300x92.png 300w, https:\/\/braingsas.com\/wp-content\/uploads\/2021\/04\/equipo_temel1-768x236.png 768w, https:\/\/braingsas.com\/wp-content\/uploads\/2021\/04\/equipo_temel1.png 1200w\" sizes=\"(max-width: 1024px) 100vw, 1024px\" \/>\t\t\t\t\t\t\t\t\t\t\t<\/div>\n\t\t\t\t<\/div>\n\t\t\t\t<\/div>\n\t\t\t\t<div class=\"elementor-element elementor-element-4e3da065 elementor-widget elementor-widget-text-editor\" data-id=\"4e3da065\" data-element_type=\"widget\" data-widget_type=\"text-editor.default\">\n\t\t\t\t<div class=\"elementor-widget-container\">\n\t\t\t\t\t<div class=\"elementor-text-editor elementor-clearfix\"><!-- wp:paragraph -->\n<p><strong><span class=\"has-inline-color has-vivid-cyan-blue-color\">NOSOTROS<\/span><\/strong><\/p>\n<!-- \/wp:paragraph -->\n\n<!-- wp:paragraph -->\n<p>BRAING SAS Nace a medianos del a\u00f1o 2016 en la ciudad de Bogot\u00e1 D.C. \u2013 Colombia, fruto del trabajo de m\u00e1s de 20 a\u00f1os de su fundador en servicios de Ingenier\u00eda Civil, puntualmente en an\u00e1lisis y dise\u00f1o de Estructuras, Estudios de Vulnerabilidad S\u00edsmica, Asesor\u00edas en la construcci\u00f3n de Obras Civiles, el Ingeniero Civil Jos\u00e9 Javier Ni\u00f1o N\u00fa\u00f1ez con Especializaci\u00f3n en Estructural.<\/p>\n<!-- \/wp:paragraph -->\n\n<!-- wp:paragraph -->\n<p><strong><span class=\"has-inline-color has-vivid-cyan-blue-color\">MISI\u00d3N<\/span><\/strong><\/p>\n<!-- \/wp:paragraph -->\n\n<!-- wp:paragraph -->\n<p>BRAING SAS. es una empresa que ejecuta proyectos de Dise\u00f1o Estructural, Estudios de Vulnerabilidad, Asesor\u00edas t\u00e9cnicas y Construcci\u00f3n de obras civiles, ofreciendo servicios con calidad para lograr la entera satisfacci\u00f3n de nuestros clientes.<\/p>\n<!-- \/wp:paragraph -->\n\n<!-- wp:paragraph -->\n<p><a><strong>VISI\u00d3N<\/strong><\/a><\/p>\n<!-- \/wp:paragraph -->\n\n<!-- wp:paragraph -->\n<p>En el a\u00f1o 2020, BRAING SAS estar\u00e1 posicionada a nivel nacional como una empresa competitiva en la prestaci\u00f3n de servicios especializados en las \u00e1reas de Consultor\u00eda de dise\u00f1os, Interventor\u00edas, Asesor\u00edas, Estudios y Construcci\u00f3n de Obras Civiles, con alto sentido de calidad, buscando lograr, de la mano con nuestros clientes, el desarrollo general de nuestro pa\u00eds.<\/p>\n<!-- \/wp:paragraph -->\n\n<!-- wp:paragraph -->\n<p><\/p>\n<!-- \/wp:paragraph --><\/div>\n\t\t\t\t<\/div>\n\t\t\t\t<\/div>\n\t\t\t\t\t<\/div>\n\t\t<\/div>\n\t\t\t\t\t\t\t<\/div>\n\t\t<\/section>\n\t\t\t\t\t\t<\/div>\n\t\t\t\t\t<\/div>\n\t\t","protected":false},"excerpt":{"rendered":"<p>NOSOTROS BRAING SAS Nace a medianos del a\u00f1o 2016 en la ciudad de Bogot\u00e1 D.C. \u2013 Colombia, fruto del trabajo de m\u00e1s de 20 a\u00f1os de su fundador en servicios de Ingenier\u00eda Civil, puntualmente en an\u00e1lisis y dise\u00f1o de Estructuras, Estudios de Vulnerabilidad S\u00edsmica, Asesor\u00edas en la construcci\u00f3n de Obras Civiles, el Ingeniero Civil Jos\u00e9&hellip; <br \/> <a class=\"read-more\" href=\"https:\/\/braingsas.com\/index.php\/quienes-somos\/\">Leer m\u00e1s<\/a><\/p>\n","protected":false},"author":1,"featured_media":10,"parent":0,"menu_order":0,"comment_status":"closed","ping_status":"closed","template":"elementor_theme","meta":{"_monsterinsights_skip_tracking":false,"_monsterinsights_sitenote_active":false,"_monsterinsights_sitenote_note":"","_monsterinsights_sitenote_category":0},"_links":{"self":[{"href":"https:\/\/braingsas.com\/index.php\/wp-json\/wp\/v2\/pages\/47"}],"collection":[{"href":"https:\/\/braingsas.com\/index.php\/wp-json\/wp\/v2\/pages"}],"about":[{"href":"https:\/\/braingsas.com\/index.php\/wp-json\/wp\/v2\/types\/page"}],"author":[{"embeddable":true,"href":"https:\/\/braingsas.com\/index.php\/wp-json\/wp\/v2\/users\/1"}],"replies":[{"embeddable":true,"href":"https:\/\/braingsas.com\/index.php\/wp-json\/wp\/v2\/comments?post=47"}],"version-history":[{"count":28,"href":"https:\/\/braingsas.com\/index.php\/wp-json\/wp\/v2\/pages\/47\/revisions"}],"predecessor-version":[{"id":78,"href":"https:\/\/braingsas.com\/index.php\/wp-json\/wp\/v2\/pages\/47\/revisions\/78"}],"wp:featuredmedia":[{"embeddable":true,"href":"https:\/\/braingsas.com\/index.php\/wp-json\/wp\/v2\/media\/10"}],"wp:attachment":[{"href":"https:\/\/braingsas.com\/index.php\/wp-json\/wp\/v2\/media?parent=47"}],"curies":[{"name":"wp","href":"https:\/\/api.w.org\/{rel}","templated":true}]}}