{"id":249,"date":"2021-04-22T02:19:48","date_gmt":"2021-04-22T02:19:48","guid":{"rendered":"https:\/\/braingsas.com\/?page_id=249"},"modified":"2021-04-22T02:32:17","modified_gmt":"2021-04-22T02:32:17","slug":"asesorias-tecnicas","status":"publish","type":"page","link":"https:\/\/braingsas.com\/index.php\/asesorias-tecnicas\/","title":{"rendered":"ASESOR\u00cdAS T\u00c9CNICAS"},"content":{"rendered":"\t\t<div data-elementor-type=\"wp-page\" data-elementor-id=\"249\" class=\"elementor elementor-249\" data-elementor-settings=\"[]\">\n\t\t\t\t\t\t\t<div class=\"elementor-section-wrap\">\n\t\t\t\t\t\t\t<section class=\"elementor-section elementor-top-section elementor-element elementor-element-624322f8 elementor-section-boxed elementor-section-height-default elementor-section-height-default\" data-id=\"624322f8\" data-element_type=\"section\">\n\t\t\t\t\t\t<div class=\"elementor-container elementor-column-gap-default\">\n\t\t\t\t\t<div class=\"elementor-column elementor-col-100 elementor-top-column elementor-element elementor-element-49960916\" data-id=\"49960916\" data-element_type=\"column\">\n\t\t\t<div class=\"elementor-widget-wrap elementor-element-populated\">\n\t\t\t\t\t\t\t\t<div class=\"elementor-element elementor-element-3f0a3d2 elementor-widget elementor-widget-image\" data-id=\"3f0a3d2\" data-element_type=\"widget\" data-widget_type=\"image.default\">\n\t\t\t\t<div class=\"elementor-widget-container\">\n\t\t\t\t\t<div class=\"elementor-image\">\n\t\t\t\t\t\t\t\t\t\t<img width=\"716\" height=\"400\" src=\"https:\/\/braingsas.com\/wp-content\/uploads\/2021\/04\/asesorias-tecnicas.jpg\" class=\"attachment-large size-large\" alt=\"\" loading=\"lazy\" srcset=\"https:\/\/braingsas.com\/wp-content\/uploads\/2021\/04\/asesorias-tecnicas.jpg 716w, https:\/\/braingsas.com\/wp-content\/uploads\/2021\/04\/asesorias-tecnicas-300x168.jpg 300w\" sizes=\"(max-width: 716px) 100vw, 716px\" \/>\t\t\t\t\t\t\t\t\t\t\t<\/div>\n\t\t\t\t<\/div>\n\t\t\t\t<\/div>\n\t\t\t\t<div class=\"elementor-element elementor-element-18eaa322 elementor-widget elementor-widget-text-editor\" data-id=\"18eaa322\" data-element_type=\"widget\" data-widget_type=\"text-editor.default\">\n\t\t\t\t<div class=\"elementor-widget-container\">\n\t\t\t\t\t<div class=\"elementor-text-editor elementor-clearfix\"><!-- wp:paragraph -->\n<p>El acompa\u00f1amiento en el desarrollo de los proyectos, dando soluciones a problemas espec\u00edficos en la etapa de dise\u00f1o, planeaci\u00f3n y construcci\u00f3n, para asegurar el buen desarrollo de los proyectos.<\/p>\n<!-- \/wp:paragraph --><\/div>\n\t\t\t\t<\/div>\n\t\t\t\t<\/div>\n\t\t\t\t\t<\/div>\n\t\t<\/div>\n\t\t\t\t\t\t\t<\/div>\n\t\t<\/section>\n\t\t\t\t\t\t<\/div>\n\t\t\t\t\t<\/div>\n\t\t","protected":false},"excerpt":{"rendered":"<p>El acompa\u00f1amiento en el desarrollo de los proyectos, dando soluciones a problemas espec\u00edficos en la etapa de dise\u00f1o, planeaci\u00f3n y construcci\u00f3n, para asegurar el buen desarrollo de los proyectos.<\/p>\n","protected":false},"author":1,"featured_media":0,"parent":0,"menu_order":0,"comment_status":"closed","ping_status":"closed","template":"","meta":{"_monsterinsights_skip_tracking":false,"_monsterinsights_sitenote_active":false,"_monsterinsights_sitenote_note":"","_monsterinsights_sitenote_category":0},"_links":{"self":[{"href":"https:\/\/braingsas.com\/index.php\/wp-json\/wp\/v2\/pages\/249"}],"collection":[{"href":"https:\/\/braingsas.com\/index.php\/wp-json\/wp\/v2\/pages"}],"about":[{"href":"https:\/\/braingsas.com\/index.php\/wp-json\/wp\/v2\/types\/page"}],"author":[{"embeddable":true,"href":"https:\/\/braingsas.com\/index.php\/wp-json\/wp\/v2\/users\/1"}],"replies":[{"embeddable":true,"href":"https:\/\/braingsas.com\/index.php\/wp-json\/wp\/v2\/comments?post=249"}],"version-history":[{"count":7,"href":"https:\/\/braingsas.com\/index.php\/wp-json\/wp\/v2\/pages\/249\/revisions"}],"predecessor-version":[{"id":271,"href":"https:\/\/braingsas.com\/index.php\/wp-json\/wp\/v2\/pages\/249\/revisions\/271"}],"wp:attachment":[{"href":"https:\/\/braingsas.com\/index.php\/wp-json\/wp\/v2\/media?parent=249"}],"curies":[{"name":"wp","href":"https:\/\/api.w.org\/{rel}","templated":true}]}}