{"id":247,"date":"2021-04-22T02:19:20","date_gmt":"2021-04-22T02:19:20","guid":{"rendered":"https:\/\/braingsas.com\/?page_id=247"},"modified":"2021-04-22T02:25:19","modified_gmt":"2021-04-22T02:25:19","slug":"revision-de-disenos-estructurales","status":"publish","type":"page","link":"https:\/\/braingsas.com\/index.php\/revision-de-disenos-estructurales\/","title":{"rendered":"REVISI\u00d3N DE DISE\u00d1OS ESTRUCTURALES"},"content":{"rendered":"\t\t<div data-elementor-type=\"wp-page\" data-elementor-id=\"247\" class=\"elementor elementor-247\" data-elementor-settings=\"[]\">\n\t\t\t\t\t\t\t<div class=\"elementor-section-wrap\">\n\t\t\t\t\t\t\t<section class=\"elementor-section elementor-top-section elementor-element elementor-element-be1865b elementor-section-boxed elementor-section-height-default elementor-section-height-default\" data-id=\"be1865b\" data-element_type=\"section\">\n\t\t\t\t\t\t<div class=\"elementor-container elementor-column-gap-default\">\n\t\t\t\t\t<div class=\"elementor-column elementor-col-100 elementor-top-column elementor-element elementor-element-32ecd6f\" data-id=\"32ecd6f\" data-element_type=\"column\">\n\t\t\t<div class=\"elementor-widget-wrap elementor-element-populated\">\n\t\t\t\t\t\t\t\t<div class=\"elementor-element elementor-element-7b2d43e elementor-widget elementor-widget-image\" data-id=\"7b2d43e\" data-element_type=\"widget\" data-widget_type=\"image.default\">\n\t\t\t\t<div class=\"elementor-widget-container\">\n\t\t\t\t\t<div class=\"elementor-image\">\n\t\t\t\t\t\t\t\t\t\t<img width=\"597\" height=\"247\" src=\"https:\/\/braingsas.com\/wp-content\/uploads\/2021\/04\/Revision-dise-estructu.png\" class=\"attachment-large size-large\" alt=\"\" loading=\"lazy\" srcset=\"https:\/\/braingsas.com\/wp-content\/uploads\/2021\/04\/Revision-dise-estructu.png 597w, https:\/\/braingsas.com\/wp-content\/uploads\/2021\/04\/Revision-dise-estructu-300x124.png 300w\" sizes=\"(max-width: 597px) 100vw, 597px\" \/>\t\t\t\t\t\t\t\t\t\t\t<\/div>\n\t\t\t\t<\/div>\n\t\t\t\t<\/div>\n\t\t\t\t<div class=\"elementor-element elementor-element-55bb2b34 elementor-widget elementor-widget-text-editor\" data-id=\"55bb2b34\" data-element_type=\"widget\" data-widget_type=\"text-editor.default\">\n\t\t\t\t<div class=\"elementor-widget-container\">\n\t\t\t\t\t<div class=\"elementor-text-editor elementor-clearfix\"><!-- wp:paragraph -->\n<p>Revisi\u00f3n de los dise\u00f1os estructurales, comprobando su eficiencia, seguridad y cumplimiento con los par\u00e1metros establecidos por la \u00faltima versi\u00f3n de la Norma Sismo resistente.<\/p>\n<!-- \/wp:paragraph --><\/div>\n\t\t\t\t<\/div>\n\t\t\t\t<\/div>\n\t\t\t\t\t<\/div>\n\t\t<\/div>\n\t\t\t\t\t\t\t<\/div>\n\t\t<\/section>\n\t\t\t\t\t\t<\/div>\n\t\t\t\t\t<\/div>\n\t\t","protected":false},"excerpt":{"rendered":"<p>Revisi\u00f3n de los dise\u00f1os estructurales, comprobando su eficiencia, seguridad y cumplimiento con los par\u00e1metros establecidos por la \u00faltima versi\u00f3n de la Norma Sismo resistente.<\/p>\n","protected":false},"author":1,"featured_media":0,"parent":0,"menu_order":0,"comment_status":"closed","ping_status":"closed","template":"","meta":{"_monsterinsights_skip_tracking":false,"_monsterinsights_sitenote_active":false,"_monsterinsights_sitenote_note":"","_monsterinsights_sitenote_category":0},"_links":{"self":[{"href":"https:\/\/braingsas.com\/index.php\/wp-json\/wp\/v2\/pages\/247"}],"collection":[{"href":"https:\/\/braingsas.com\/index.php\/wp-json\/wp\/v2\/pages"}],"about":[{"href":"https:\/\/braingsas.com\/index.php\/wp-json\/wp\/v2\/types\/page"}],"author":[{"embeddable":true,"href":"https:\/\/braingsas.com\/index.php\/wp-json\/wp\/v2\/users\/1"}],"replies":[{"embeddable":true,"href":"https:\/\/braingsas.com\/index.php\/wp-json\/wp\/v2\/comments?post=247"}],"version-history":[{"count":4,"href":"https:\/\/braingsas.com\/index.php\/wp-json\/wp\/v2\/pages\/247\/revisions"}],"predecessor-version":[{"id":261,"href":"https:\/\/braingsas.com\/index.php\/wp-json\/wp\/v2\/pages\/247\/revisions\/261"}],"wp:attachment":[{"href":"https:\/\/braingsas.com\/index.php\/wp-json\/wp\/v2\/media?parent=247"}],"curies":[{"name":"wp","href":"https:\/\/api.w.org\/{rel}","templated":true}]}}