{"id":228,"date":"2021-04-22T01:57:10","date_gmt":"2021-04-22T01:57:10","guid":{"rendered":"https:\/\/braingsas.com\/?page_id=228"},"modified":"2021-04-22T02:21:01","modified_gmt":"2021-04-22T02:21:01","slug":"disenos","status":"publish","type":"page","link":"https:\/\/braingsas.com\/index.php\/disenos\/","title":{"rendered":"DISE\u00d1OS"},"content":{"rendered":"\t\t<div data-elementor-type=\"wp-page\" data-elementor-id=\"228\" class=\"elementor elementor-228\" data-elementor-settings=\"[]\">\n\t\t\t\t\t\t\t<div class=\"elementor-section-wrap\">\n\t\t\t\t\t\t\t<section class=\"elementor-section elementor-top-section elementor-element elementor-element-4a469478 elementor-section-boxed elementor-section-height-default elementor-section-height-default\" data-id=\"4a469478\" data-element_type=\"section\">\n\t\t\t\t\t\t<div class=\"elementor-container elementor-column-gap-default\">\n\t\t\t\t\t<div class=\"elementor-column elementor-col-100 elementor-top-column elementor-element elementor-element-1fa4f6e3\" data-id=\"1fa4f6e3\" data-element_type=\"column\">\n\t\t\t<div class=\"elementor-widget-wrap elementor-element-populated\">\n\t\t\t\t\t\t\t\t<div class=\"elementor-element elementor-element-9d07dfe elementor-widget elementor-widget-image\" data-id=\"9d07dfe\" data-element_type=\"widget\" data-widget_type=\"image.default\">\n\t\t\t\t<div class=\"elementor-widget-container\">\n\t\t\t\t\t<div class=\"elementor-image\">\n\t\t\t\t\t\t\t\t\t\t<img width=\"463\" height=\"347\" src=\"https:\/\/braingsas.com\/wp-content\/uploads\/2021\/04\/disenos.jpg\" class=\"attachment-large size-large\" alt=\"\" loading=\"lazy\" srcset=\"https:\/\/braingsas.com\/wp-content\/uploads\/2021\/04\/disenos.jpg 463w, https:\/\/braingsas.com\/wp-content\/uploads\/2021\/04\/disenos-300x225.jpg 300w\" sizes=\"(max-width: 463px) 100vw, 463px\" \/>\t\t\t\t\t\t\t\t\t\t\t<\/div>\n\t\t\t\t<\/div>\n\t\t\t\t<\/div>\n\t\t\t\t<div class=\"elementor-element elementor-element-20b0c31 elementor-widget elementor-widget-text-editor\" data-id=\"20b0c31\" data-element_type=\"widget\" data-widget_type=\"text-editor.default\">\n\t\t\t\t<div class=\"elementor-widget-container\">\n\t\t\t\t\t<div class=\"elementor-text-editor elementor-clearfix\"><!-- wp:paragraph -->\n<p>Dise\u00f1o de estructuras de concreto reforzado, met\u00e1licas, mamposter\u00eda estructural, sistema industrializado, tanques, estructuras de contenci\u00f3n y puentes, bajo los par\u00e1metros establecidos por la \u00faltima versi\u00f3n de la Norma Sismo resistente.<\/p>\n<!-- \/wp:paragraph --><\/div>\n\t\t\t\t<\/div>\n\t\t\t\t<\/div>\n\t\t\t\t\t<\/div>\n\t\t<\/div>\n\t\t\t\t\t\t\t<\/div>\n\t\t<\/section>\n\t\t\t\t\t\t<\/div>\n\t\t\t\t\t<\/div>\n\t\t","protected":false},"excerpt":{"rendered":"<p>Dise\u00f1o de estructuras de concreto reforzado, met\u00e1licas, mamposter\u00eda estructural, sistema industrializado, tanques, estructuras de contenci\u00f3n y puentes, bajo los par\u00e1metros establecidos por la \u00faltima versi\u00f3n de la Norma Sismo resistente.<\/p>\n","protected":false},"author":1,"featured_media":229,"parent":0,"menu_order":0,"comment_status":"closed","ping_status":"closed","template":"","meta":{"_monsterinsights_skip_tracking":false,"_monsterinsights_sitenote_active":false,"_monsterinsights_sitenote_note":"","_monsterinsights_sitenote_category":0},"_links":{"self":[{"href":"https:\/\/braingsas.com\/index.php\/wp-json\/wp\/v2\/pages\/228"}],"collection":[{"href":"https:\/\/braingsas.com\/index.php\/wp-json\/wp\/v2\/pages"}],"about":[{"href":"https:\/\/braingsas.com\/index.php\/wp-json\/wp\/v2\/types\/page"}],"author":[{"embeddable":true,"href":"https:\/\/braingsas.com\/index.php\/wp-json\/wp\/v2\/users\/1"}],"replies":[{"embeddable":true,"href":"https:\/\/braingsas.com\/index.php\/wp-json\/wp\/v2\/comments?post=228"}],"version-history":[{"count":6,"href":"https:\/\/braingsas.com\/index.php\/wp-json\/wp\/v2\/pages\/228\/revisions"}],"predecessor-version":[{"id":253,"href":"https:\/\/braingsas.com\/index.php\/wp-json\/wp\/v2\/pages\/228\/revisions\/253"}],"wp:featuredmedia":[{"embeddable":true,"href":"https:\/\/braingsas.com\/index.php\/wp-json\/wp\/v2\/media\/229"}],"wp:attachment":[{"href":"https:\/\/braingsas.com\/index.php\/wp-json\/wp\/v2\/media?parent=228"}],"curies":[{"name":"wp","href":"https:\/\/api.w.org\/{rel}","templated":true}]}}